{"id":190,"date":"2024-04-24T17:41:56","date_gmt":"2024-04-24T15:41:56","guid":{"rendered":"https:\/\/oceanedphotographie.com\/?page_id=190"},"modified":"2024-04-24T20:29:46","modified_gmt":"2024-04-24T18:29:46","slug":"naissance","status":"publish","type":"page","link":"https:\/\/oceanedphotographie.com\/index.php\/naissance\/","title":{"rendered":"Naissance"},"content":{"rendered":"<p>[et_pb_section fb_built=\u00a0\u00bb1&Prime; _builder_version=\u00a0\u00bb4.9.2&Prime; _module_preset=\u00a0\u00bbdefault\u00a0\u00bb][et_pb_row _builder_version=\u00a0\u00bb4.9.2&Prime; _module_preset=\u00a0\u00bbdefault\u00a0\u00bb custom_padding=\u00a0\u00bb8px||7px|||\u00a0\u00bb locked=\u00a0\u00bboff\u00a0\u00bb][et_pb_column type=\u00a0\u00bb4_4&Prime; _builder_version=\u00a0\u00bb4.9.2&Prime; _module_preset=\u00a0\u00bbdefault\u00a0\u00bb][et_pb_text _builder_version=\u00a0\u00bb4.9.2&Prime; _module_preset=\u00a0\u00bbdefault\u00a0\u00bb text_font=\u00a0\u00bbCormorant Garamond||||||||\u00a0\u00bb header_2_font=\u00a0\u00bb|700|||||||\u00a0\u00bb header_2_text_align=\u00a0\u00bbcenter\u00a0\u00bb header_2_text_color=\u00a0\u00bbgcid-924db58c-62d6-4908-ae75-bfc6cc1e8ca3&Prime; header_2_font_size=\u00a0\u00bb31px\u00a0\u00bb custom_margin=\u00a0\u00bb-6px||16px|||\u00a0\u00bb global_colors_info=\u00a0\u00bb{%22gcid-924db58c-62d6-4908-ae75-bfc6cc1e8ca3%22:%91%22header_2_text_color%22%93}\u00a0\u00bb]<\/p>\n<h2>Les Formules Naissance<\/h2>\n<p>[\/et_pb_text][et_pb_divider color=\u00a0\u00bbgcid-e831b10f-635f-4881-9728-dfa2e7798a59&Prime; _builder_version=\u00a0\u00bb4.9.2&Prime; _module_preset=\u00a0\u00bbdefault\u00a0\u00bb width=\u00a0\u00bb11%\u00a0\u00bb module_alignment=\u00a0\u00bbcenter\u00a0\u00bb custom_margin=\u00a0\u00bb||8px|||\u00a0\u00bb custom_padding=\u00a0\u00bb||0px|||\u00a0\u00bb global_colors_info=\u00a0\u00bb{%22gcid-924db58c-62d6-4908-ae75-bfc6cc1e8ca3%22:%91%93,%22gcid-e831b10f-635f-4881-9728-dfa2e7798a59%22:%91%22color%22%93}\u00a0\u00bb][\/et_pb_divider][et_pb_text _builder_version=\u00a0\u00bb4.9.2&Prime; _module_preset=\u00a0\u00bbdefault\u00a0\u00bb text_font=\u00a0\u00bbCormorant Garamond||||||||\u00a0\u00bb text_text_color=\u00a0\u00bbgcid-924db58c-62d6-4908-ae75-bfc6cc1e8ca3&Prime; text_font_size=\u00a0\u00bb16px\u00a0\u00bb text_orientation=\u00a0\u00bbcenter\u00a0\u00bb global_colors_info=\u00a0\u00bb{%22gcid-924db58c-62d6-4908-ae75-bfc6cc1e8ca3%22:%91%22text_text_color%22%93}\u00a0\u00bb]<\/p>\n<p class=\"p1\">D\u00e9couvrez la douceur des petits traits, les plis d\u00e9licats des petites mains et l&rsquo;\u00e9motion des premiers jours de vie de votre nouveau-n\u00e9. En tant que photographe sp\u00e9cialis\u00e9e, je suis l\u00e0 pour capturer ces instants \u00e9ph\u00e9m\u00e8res qui deviendront de pr\u00e9cieux souvenirs intemporels. Avec tout mon savoir-faire, je m&rsquo;engage \u00e0 immortaliser chaque doux moment des premiers jours de vie de votre b\u00e9b\u00e9. Ma vision \u00e0 travers l&rsquo;objectif est de vous cr\u00e9er des souvenirs naturels et uniques qui vous ressemblent. C&rsquo;est pourquoi les s\u00e9ances nouveau-n\u00e9 se d\u00e9roulent chez vous, dans un cadre intime et confortable. J&rsquo;adore saisir ces instants de simplicit\u00e9, de douceur et d&rsquo;amour. Les b\u00e9b\u00e9s grandissent si vite, confiez-moi cette magie \u00e9ph\u00e9m\u00e8re !<\/p>\n<p>[\/et_pb_text][\/et_pb_column][\/et_pb_row][et_pb_row column_structure=\u00a0\u00bb1_3,1_3,1_3&Prime; _builder_version=\u00a0\u00bb4.9.2&Prime; _module_preset=\u00a0\u00bbdefault\u00a0\u00bb locked=\u00a0\u00bboff\u00a0\u00bb][et_pb_column type=\u00a0\u00bb1_3&Prime; _builder_version=\u00a0\u00bb4.9.2&Prime; _module_preset=\u00a0\u00bbdefault\u00a0\u00bb][et_pb_image src=\u00a0\u00bbhttp:\/\/oceanedphotographie.com\/wp-content\/uploads\/2024\/04\/DSC09651-Enhanced-NR-scaled.jpg\u00a0\u00bb title_text=\u00a0\u00bbDSC09651-Enhanced-NR\u00a0\u00bb align=\u00a0\u00bbcenter\u00a0\u00bb _builder_version=\u00a0\u00bb4.9.2&Prime; _module_preset=\u00a0\u00bbdefault\u00a0\u00bb width=\u00a0\u00bb69%\u00a0\u00bb][\/et_pb_image][et_pb_text _builder_version=\u00a0\u00bb4.9.2&Prime; _module_preset=\u00a0\u00bbdefault\u00a0\u00bb text_font=\u00a0\u00bbCormorant Garamond||||||||\u00a0\u00bb text_text_color=\u00a0\u00bb#000000&Prime; text_font_size=\u00a0\u00bb16px\u00a0\u00bb header_2_font=\u00a0\u00bbCormorant Garamond|700|||||||\u00a0\u00bb header_2_text_color=\u00a0\u00bbgcid-924db58c-62d6-4908-ae75-bfc6cc1e8ca3&Prime; global_colors_info=\u00a0\u00bb{%22gcid-924db58c-62d6-4908-ae75-bfc6cc1e8ca3%22:%91%22header_2_text_color%22%93}\u00a0\u00bb]<\/p>\n<h2>Douceur des premiers instants &#8211; 10 photos<\/h2>\n<ul>\n<li>1 s\u00e9ance naissance, en ext\u00e9rieur ou \u00e0 domicile<\/li>\n<li>10 photos num\u00e9riques de votre choix retouch\u00e9es<\/li>\n<li>Livraison des photos via une galerie en ligne<\/li>\n<li>D\u00e9placements inclus jusqu&rsquo;\u00e0 20km<\/li>\n<li>Pour la r\u00e9servation un acompte de 30% est requis<\/li>\n<\/ul>\n<p><em>+ En option : photos suppl\u00e9mentaires et tirages<\/em><\/p>\n<p>[\/et_pb_text][et_pb_button button_url=\u00a0\u00bbhttps:\/\/oceanedphotographie.com\/index.php\/contact\/\u00a0\u00bb button_text=\u00a0\u00bbEn Savoir Plus\u00a0\u00bb button_alignment=\u00a0\u00bbleft\u00a0\u00bb _builder_version=\u00a0\u00bb4.9.2&Prime; _module_preset=\u00a0\u00bbdefault\u00a0\u00bb custom_button=\u00a0\u00bbon\u00a0\u00bb button_text_size=\u00a0\u00bb16px\u00a0\u00bb button_text_color=\u00a0\u00bbgcid-e831b10f-635f-4881-9728-dfa2e7798a59&Prime; global_colors_info=\u00a0\u00bb{%22gcid-e831b10f-635f-4881-9728-dfa2e7798a59%22:%91%22button_text_color%22%93}\u00a0\u00bb][\/et_pb_button][\/et_pb_column][et_pb_column type=\u00a0\u00bb1_3&Prime; _builder_version=\u00a0\u00bb4.9.2&Prime; _module_preset=\u00a0\u00bbdefault\u00a0\u00bb][et_pb_image src=\u00a0\u00bbhttp:\/\/oceanedphotographie.com\/wp-content\/uploads\/2024\/04\/DSC08718-Enhanced-NR-scaled.jpg\u00a0\u00bb title_text=\u00a0\u00bbDSC08718-Enhanced-NR\u00a0\u00bb align=\u00a0\u00bbcenter\u00a0\u00bb _builder_version=\u00a0\u00bb4.9.2&Prime; _module_preset=\u00a0\u00bbdefault\u00a0\u00bb width=\u00a0\u00bb69%\u00a0\u00bb][\/et_pb_image][et_pb_text _builder_version=\u00a0\u00bb4.9.2&Prime; _module_preset=\u00a0\u00bbdefault\u00a0\u00bb text_font=\u00a0\u00bbCormorant Garamond||||||||\u00a0\u00bb text_text_color=\u00a0\u00bb#000000&Prime; text_font_size=\u00a0\u00bb16px\u00a0\u00bb header_2_font=\u00a0\u00bbCormorant Garamond|700|||||||\u00a0\u00bb header_2_text_color=\u00a0\u00bbgcid-924db58c-62d6-4908-ae75-bfc6cc1e8ca3&Prime; global_colors_info=\u00a0\u00bb{%22gcid-924db58c-62d6-4908-ae75-bfc6cc1e8ca3%22:%91%22header_2_text_color%22%93}\u00a0\u00bb]<\/p>\n<h2>Magie des premiers instants &#8211; 15 photos<\/h2>\n<ul>\n<li>1 s\u00e9ance naissance, en ext\u00e9rieur ou \u00e0 domicile<\/li>\n<li>15 photos num\u00e9riques de votre choix retouch\u00e9es<\/li>\n<li>Livraison des photos via une galerie en ligne<\/li>\n<li>D\u00e9placements inclus jusqu&rsquo;\u00e0 20km<\/li>\n<li>Pour la r\u00e9servation un acompte de 30% est requis<\/li>\n<\/ul>\n<p><em>+ En option : photos suppl\u00e9mentaires et tirages<\/em><\/p>\n<p>[\/et_pb_text][et_pb_button button_url=\u00a0\u00bbhttps:\/\/oceanedphotographie.com\/index.php\/contact\/\u00a0\u00bb button_text=\u00a0\u00bbEn Savoir Plus\u00a0\u00bb button_alignment=\u00a0\u00bbleft\u00a0\u00bb _builder_version=\u00a0\u00bb4.9.2&Prime; _module_preset=\u00a0\u00bbdefault\u00a0\u00bb custom_button=\u00a0\u00bbon\u00a0\u00bb button_text_size=\u00a0\u00bb16px\u00a0\u00bb button_text_color=\u00a0\u00bbgcid-e831b10f-635f-4881-9728-dfa2e7798a59&Prime; global_colors_info=\u00a0\u00bb{%22gcid-e831b10f-635f-4881-9728-dfa2e7798a59%22:%91%22button_text_color%22%93}\u00a0\u00bb][\/et_pb_button][\/et_pb_column][et_pb_column type=\u00a0\u00bb1_3&Prime; _builder_version=\u00a0\u00bb4.9.2&Prime; _module_preset=\u00a0\u00bbdefault\u00a0\u00bb][et_pb_image src=\u00a0\u00bbhttp:\/\/oceanedphotographie.com\/wp-content\/uploads\/2024\/04\/DSC00752-Enhanced-NR-scaled.jpg\u00a0\u00bb title_text=\u00a0\u00bbDSC00752-Enhanced-NR\u00a0\u00bb align=\u00a0\u00bbcenter\u00a0\u00bb _builder_version=\u00a0\u00bb4.9.2&Prime; _module_preset=\u00a0\u00bbdefault\u00a0\u00bb width=\u00a0\u00bb69%\u00a0\u00bb][\/et_pb_image][et_pb_text _builder_version=\u00a0\u00bb4.9.2&Prime; _module_preset=\u00a0\u00bbdefault\u00a0\u00bb text_font=\u00a0\u00bbCormorant Garamond||||||||\u00a0\u00bb text_text_color=\u00a0\u00bb#000000&Prime; text_font_size=\u00a0\u00bb16px\u00a0\u00bb header_2_font=\u00a0\u00bbCormorant Garamond|700|||||||\u00a0\u00bb header_2_text_color=\u00a0\u00bbgcid-924db58c-62d6-4908-ae75-bfc6cc1e8ca3&Prime; global_colors_info=\u00a0\u00bb{%22gcid-924db58c-62d6-4908-ae75-bfc6cc1e8ca3%22:%91%22header_2_text_color%22%93}\u00a0\u00bb]<\/p>\n<h2>Bonheur des premiers instants &#8211; 20 photos<\/h2>\n<ul>\n<li>1 s\u00e9ance naissance, en ext\u00e9rieur ou \u00e0 domicile<\/li>\n<li>20 photos num\u00e9riques de votre choix retouch\u00e9es<\/li>\n<li>Livraison des photos via une galerie en ligne<\/li>\n<li>D\u00e9placements inclus jusqu&rsquo;\u00e0 20km<\/li>\n<li>Pour la r\u00e9servation un acompte de 30% est requis<\/li>\n<\/ul>\n<p><em>+ En option : photos suppl\u00e9mentaires et tirages<\/em><\/p>\n<p>[\/et_pb_text][et_pb_button button_url=\u00a0\u00bbhttps:\/\/oceanedphotographie.com\/index.php\/contact\/\u00a0\u00bb button_text=\u00a0\u00bbEn Savoir Plus\u00a0\u00bb button_alignment=\u00a0\u00bbleft\u00a0\u00bb _builder_version=\u00a0\u00bb4.9.2&Prime; _module_preset=\u00a0\u00bbdefault\u00a0\u00bb custom_button=\u00a0\u00bbon\u00a0\u00bb button_text_size=\u00a0\u00bb16px\u00a0\u00bb button_text_color=\u00a0\u00bbgcid-e831b10f-635f-4881-9728-dfa2e7798a59&Prime; global_colors_info=\u00a0\u00bb{%22gcid-e831b10f-635f-4881-9728-dfa2e7798a59%22:%91%22button_text_color%22%93}\u00a0\u00bb][\/et_pb_button][\/et_pb_column][\/et_pb_row][et_pb_row column_structure=\u00a0\u00bb1_4,1_4,1_4,1_4&Prime; _builder_version=\u00a0\u00bb4.9.2&Prime; _module_preset=\u00a0\u00bbdefault\u00a0\u00bb locked=\u00a0\u00bboff\u00a0\u00bb][et_pb_column type=\u00a0\u00bb1_4&Prime; _builder_version=\u00a0\u00bb4.9.2&Prime; _module_preset=\u00a0\u00bbdefault\u00a0\u00bb][et_pb_image src=\u00a0\u00bbhttp:\/\/oceanedphotographie.com\/wp-content\/uploads\/2024\/04\/DSC06529-Enhanced-NR-scaled.jpg\u00a0\u00bb title_text=\u00a0\u00bbDSC06529-Enhanced-NR\u00a0\u00bb align=\u00a0\u00bbcenter\u00a0\u00bb _builder_version=\u00a0\u00bb4.9.2&Prime; _module_preset=\u00a0\u00bbdefault\u00a0\u00bb width=\u00a0\u00bb75%\u00a0\u00bb custom_margin=\u00a0\u00bb||-1px|||\u00a0\u00bb][\/et_pb_image][et_pb_image src=\u00a0\u00bbhttp:\/\/oceanedphotographie.com\/wp-content\/uploads\/2024\/04\/DSC00549-scaled.jpg\u00a0\u00bb title_text=\u00a0\u00bbDSC00549&Prime; align=\u00a0\u00bbcenter\u00a0\u00bb _builder_version=\u00a0\u00bb4.9.2&Prime; _module_preset=\u00a0\u00bbdefault\u00a0\u00bb width=\u00a0\u00bb75%\u00a0\u00bb][\/et_pb_image][\/et_pb_column][et_pb_column type=\u00a0\u00bb1_4&Prime; _builder_version=\u00a0\u00bb4.9.2&Prime; _module_preset=\u00a0\u00bbdefault\u00a0\u00bb][et_pb_text _builder_version=\u00a0\u00bb4.9.2&Prime; _module_preset=\u00a0\u00bbdefault\u00a0\u00bb text_font=\u00a0\u00bbCormorant Garamond||||||||\u00a0\u00bb text_text_color=\u00a0\u00bb#000000&Prime; text_font_size=\u00a0\u00bb16px\u00a0\u00bb header_2_font=\u00a0\u00bbCormorant Garamond|700|||||||\u00a0\u00bb header_2_text_color=\u00a0\u00bbgcid-924db58c-62d6-4908-ae75-bfc6cc1e8ca3&Prime; custom_margin=\u00a0\u00bb32px||6px|||\u00a0\u00bb global_colors_info=\u00a0\u00bb{%22gcid-924db58c-62d6-4908-ae75-bfc6cc1e8ca3%22:%91%22header_2_text_color%22%93}\u00a0\u00bb]<\/p>\n<h2>Instant Maternit\u00e9 Essentiel &#8211; 20 photos<\/h2>\n<ul>\n<li>1 s\u00e9ance grossesse, en ext\u00e9rieur ou \u00e0 domicile\u00a0<\/li>\n<li>1 s\u00e9ance naissance \u00e0 domicile<\/li>\n<li>20 photos num\u00e9riques de votre choix retouch\u00e9es (au total)<\/li>\n<li>Livraison des photos via une galerie en ligne<\/li>\n<li>D\u00e9placements inclus jusqu&rsquo;\u00e0 20km<\/li>\n<li>Pour la r\u00e9servation un acompte de 50% est requis<\/li>\n<\/ul>\n<p><em>+ En option : photos suppl\u00e9mentaires et tirages<\/em><\/p>\n<p>[\/et_pb_text][et_pb_button button_url=\u00a0\u00bbhttps:\/\/oceanedphotographie.com\/index.php\/contact\/\u00a0\u00bb button_text=\u00a0\u00bbEn Savoir Plus\u00a0\u00bb button_alignment=\u00a0\u00bbleft\u00a0\u00bb _builder_version=\u00a0\u00bb4.9.2&Prime; _module_preset=\u00a0\u00bbdefault\u00a0\u00bb custom_button=\u00a0\u00bbon\u00a0\u00bb button_text_size=\u00a0\u00bb16px\u00a0\u00bb button_text_color=\u00a0\u00bbgcid-e831b10f-635f-4881-9728-dfa2e7798a59&Prime; global_colors_info=\u00a0\u00bb{%22gcid-e831b10f-635f-4881-9728-dfa2e7798a59%22:%91%22button_text_color%22%93}\u00a0\u00bb][\/et_pb_button][\/et_pb_column][et_pb_column type=\u00a0\u00bb1_4&Prime; _builder_version=\u00a0\u00bb4.9.2&Prime; _module_preset=\u00a0\u00bbdefault\u00a0\u00bb][et_pb_image src=\u00a0\u00bbhttp:\/\/oceanedphotographie.com\/wp-content\/uploads\/2024\/04\/DSC01492-Enhanced-NR-scaled.jpg\u00a0\u00bb title_text=\u00a0\u00bbDSC01492-Enhanced-NR\u00a0\u00bb align=\u00a0\u00bbcenter\u00a0\u00bb _builder_version=\u00a0\u00bb4.9.2&Prime; _module_preset=\u00a0\u00bbdefault\u00a0\u00bb width=\u00a0\u00bb75%\u00a0\u00bb][\/et_pb_image][et_pb_image src=\u00a0\u00bbhttp:\/\/oceanedphotographie.com\/wp-content\/uploads\/2024\/04\/DSC8723-scaled.jpg\u00a0\u00bb title_text=\u00a0\u00bb_DSC8723&Prime; align=\u00a0\u00bbcenter\u00a0\u00bb _builder_version=\u00a0\u00bb4.9.2&Prime; _module_preset=\u00a0\u00bbdefault\u00a0\u00bb width=\u00a0\u00bb75%\u00a0\u00bb custom_margin=\u00a0\u00bb-30px|||||\u00a0\u00bb][\/et_pb_image][\/et_pb_column][et_pb_column type=\u00a0\u00bb1_4&Prime; _builder_version=\u00a0\u00bb4.9.2&Prime; _module_preset=\u00a0\u00bbdefault\u00a0\u00bb][et_pb_text _builder_version=\u00a0\u00bb4.9.2&Prime; _module_preset=\u00a0\u00bbdefault\u00a0\u00bb text_font=\u00a0\u00bbCormorant Garamond||||||||\u00a0\u00bb text_text_color=\u00a0\u00bb#000000&Prime; text_font_size=\u00a0\u00bb16px\u00a0\u00bb header_2_font=\u00a0\u00bbCormorant Garamond|700|||||||\u00a0\u00bb header_2_text_color=\u00a0\u00bbgcid-924db58c-62d6-4908-ae75-bfc6cc1e8ca3&Prime; custom_margin=\u00a0\u00bb32px||6px|||\u00a0\u00bb global_colors_info=\u00a0\u00bb{%22gcid-924db58c-62d6-4908-ae75-bfc6cc1e8ca3%22:%91%22header_2_text_color%22%93}\u00a0\u00bb]<\/p>\n<h2>Instant Maternit\u00e9 Int\u00e9gral &#8211; 30 photos<\/h2>\n<ul>\n<li>1 s\u00e9ance grossesse, en ext\u00e9rieur ou \u00e0 domicile\u00a0<\/li>\n<li>1 s\u00e9ance naissance \u00e0 domicile<\/li>\n<li>30 photos num\u00e9riques de votre choix retouch\u00e9es (au total)<\/li>\n<li>Livraison des photos via une galerie en ligne<\/li>\n<li>D\u00e9placements inclus jusqu&rsquo;\u00e0 20km<\/li>\n<li>Pour la r\u00e9servation un acompte de 50% est requis<\/li>\n<\/ul>\n<p><em>+ En option : photos suppl\u00e9mentaires et tirages<\/em><\/p>\n<p>[\/et_pb_text][et_pb_button button_url=\u00a0\u00bbhttps:\/\/oceanedphotographie.com\/index.php\/contact\/\u00a0\u00bb button_text=\u00a0\u00bbEn Savoir Plus\u00a0\u00bb button_alignment=\u00a0\u00bbleft\u00a0\u00bb _builder_version=\u00a0\u00bb4.9.2&Prime; _module_preset=\u00a0\u00bbdefault\u00a0\u00bb custom_button=\u00a0\u00bbon\u00a0\u00bb button_text_size=\u00a0\u00bb16px\u00a0\u00bb button_text_color=\u00a0\u00bbgcid-e831b10f-635f-4881-9728-dfa2e7798a59&Prime; global_colors_info=\u00a0\u00bb{%22gcid-e831b10f-635f-4881-9728-dfa2e7798a59%22:%91%22button_text_color%22%93}\u00a0\u00bb][\/et_pb_button][\/et_pb_column][\/et_pb_row][et_pb_row _builder_version=\u00a0\u00bb4.9.2&Prime; _module_preset=\u00a0\u00bbdefault\u00a0\u00bb locked=\u00a0\u00bboff\u00a0\u00bb][et_pb_column type=\u00a0\u00bb4_4&Prime; _builder_version=\u00a0\u00bb4.9.2&Prime; _module_preset=\u00a0\u00bbdefault\u00a0\u00bb][et_pb_divider color=\u00a0\u00bbgcid-e831b10f-635f-4881-9728-dfa2e7798a59&Prime; _builder_version=\u00a0\u00bb4.9.2&Prime; _module_preset=\u00a0\u00bbdefault\u00a0\u00bb width=\u00a0\u00bb11%\u00a0\u00bb module_alignment=\u00a0\u00bbcenter\u00a0\u00bb custom_margin=\u00a0\u00bb||8px|||\u00a0\u00bb custom_padding=\u00a0\u00bb||0px|||\u00a0\u00bb global_colors_info=\u00a0\u00bb{%22gcid-924db58c-62d6-4908-ae75-bfc6cc1e8ca3%22:%91%93,%22gcid-e831b10f-635f-4881-9728-dfa2e7798a59%22:%91%22color%22%93}\u00a0\u00bb][\/et_pb_divider][et_pb_text ul_position=\u00a0\u00bbinside\u00a0\u00bb _builder_version=\u00a0\u00bb4.9.2&Prime; _module_preset=\u00a0\u00bbdefault\u00a0\u00bb text_font=\u00a0\u00bbCormorant Garamond||||||||\u00a0\u00bb text_font_size=\u00a0\u00bb17px\u00a0\u00bb ul_font=\u00a0\u00bbCormorant Garamond||||||||\u00a0\u00bb ul_text_align=\u00a0\u00bbcenter\u00a0\u00bb ul_font_size=\u00a0\u00bb17px\u00a0\u00bb header_3_font=\u00a0\u00bb|700|||||||\u00a0\u00bb header_3_text_color=\u00a0\u00bbgcid-924db58c-62d6-4908-ae75-bfc6cc1e8ca3&Prime; text_orientation=\u00a0\u00bbcenter\u00a0\u00bb custom_margin=\u00a0\u00bb||3px|||\u00a0\u00bb custom_padding=\u00a0\u00bb0px|||||\u00a0\u00bb global_colors_info=\u00a0\u00bb{%22gcid-924db58c-62d6-4908-ae75-bfc6cc1e8ca3%22:%91%22header_3_text_color%22%93}\u00a0\u00bb]<\/p>\n<h3 class=\"p1\"><span style=\"text-decoration: underline;\">Ce que cela comprends :<\/span><\/h3>\n<ul>\n<li><span class=\"s1\"><\/span>Nos \u00e9changes pour la pr\u00e9paration de votre s\u00e9ance<\/li>\n<li><span class=\"s1\"><\/span>La prise de vue<\/li>\n<li><span class=\"s1\"><\/span>Des accessoires (panier en osier)<\/li>\n<li><span class=\"s1\"><\/span>Le choix des photos sur une galerie en ligne priv\u00e9e<\/li>\n<li><span class=\"s1\"><\/span>Le post-productions de vos photos (retouches)<\/li>\n<li><span class=\"s1\"><\/span>Des photos num\u00e9riques en HD<\/li>\n<li><span class=\"s1\"><\/span>Livraison des photos sous 30 \u00e0 45 jours en p\u00e9riode de forte affluence.<\/li>\n<li><span class=\"s1\"><\/span>Le lien de t\u00e9l\u00e9chargement s\u00e9curis\u00e9e<\/li>\n<li><span class=\"s1\"><\/span>Les frais de d\u00e9placements \u00e0 20km<\/li>\n<\/ul>\n<p class=\"p1\">En option :<\/p>\n<ul>\n<li><span class=\"s1\"><\/span>Frais de d\u00e9placements si + de 20km<\/li>\n<li><span class=\"s1\"><\/span>Photos num\u00e9riques suppl\u00e9mentaires<\/li>\n<li><span class=\"s1\"><\/span>Albums et tirages photos<\/li>\n<\/ul>\n<p>[\/et_pb_text][et_pb_text _builder_version=\u00a0\u00bb4.9.2&Prime; _module_preset=\u00a0\u00bbdefault\u00a0\u00bb text_font=\u00a0\u00bbCormorant Garamond||||||||\u00a0\u00bb text_font_size=\u00a0\u00bb17px\u00a0\u00bb header_3_font=\u00a0\u00bb|700|||||||\u00a0\u00bb header_3_text_color=\u00a0\u00bbgcid-924db58c-62d6-4908-ae75-bfc6cc1e8ca3&Prime; text_orientation=\u00a0\u00bbcenter\u00a0\u00bb global_colors_info=\u00a0\u00bb{%22gcid-924db58c-62d6-4908-ae75-bfc6cc1e8ca3%22:%91%22header_3_text_color%22%93}\u00a0\u00bb]<\/p>\n<h3 class=\"p1\"><span style=\"text-decoration: underline;\">Pour votre s\u00e9ance :<\/span><\/h3>\n<p><em>Pour les nouveau-n\u00e9 : (d\u00e8s les 15 premiers jours de vie jusqu\u2019\u00e0 3 semaines). <\/em><\/p>\n<p>L\u2019id\u00e9al est de r\u00e9aliser la s\u00e9ance photo au plus proche de votre accouchement. L\u2019id\u00e9e est de bloquer une date par rapport \u00e0 votre terme et de l\u2019avancer ou la d\u00e9caler en fonction de la naissance. Les s\u00e9ances photos nouveau-n\u00e9, n\u2019ont aucune dur\u00e9e car je m\u2019adapte au rythme du b\u00e9b\u00e9 et de ses besoins physiologiques. La s\u00e9ance photo se d\u00e9roule la plupart du temps dans la chambre parentale, pour que b\u00e9b\u00e9 soit bien install\u00e9. Je privil\u00e8gie des poses naturelles pour le bien-\u00eatre de b\u00e9b\u00e9.<\/p>\n<p><em>Pour les b\u00e9b\u00e9s (de 2mois \u00e0 1 ans pour le premier anniversaire ) :<\/em><\/p>\n<p>Le b\u00e9b\u00e9 sera plus \u00e9veill\u00e9 sur les photos, et les premiers sourires seront bels est bien pr\u00e9sents. La s\u00e9ance photo peut se faire \u00e0 domicile ou en ext\u00e9rieur.<\/p>\n<p class=\"p1\"><strong>Vous souhaitez r\u00e9server une s\u00e9ance photo naissance ou vous souhaitez offrir une carte cadeau \u00e0 l\u2019un de vos proches qui vas bient\u00f4t accoucher ? Contactez-moi pour discuter de votre projet.<\/strong><\/p>\n<p>[\/et_pb_text][\/et_pb_column][\/et_pb_row][\/et_pb_section]<\/p>\n","protected":false},"excerpt":{"rendered":"<p>[et_pb_section fb_built=\u00a0\u00bb1&Prime; _builder_version=\u00a0\u00bb4.9.2&Prime; _module_preset=\u00a0\u00bbdefault\u00a0\u00bb][et_pb_row _builder_version=\u00a0\u00bb4.9.2&Prime; _module_preset=\u00a0\u00bbdefault\u00a0\u00bb custom_padding=\u00a0\u00bb8px||7px|||\u00a0\u00bb locked=\u00a0\u00bboff\u00a0\u00bb][et_pb_column type=\u00a0\u00bb4_4&Prime; _builder_version=\u00a0\u00bb4.9.2&Prime; _module_preset=\u00a0\u00bbdefault\u00a0\u00bb][et_pb_text _builder_version=\u00a0\u00bb4.9.2&Prime; _module_preset=\u00a0\u00bbdefault\u00a0\u00bb text_font=\u00a0\u00bbCormorant Garamond||||||||\u00a0\u00bb header_2_font=\u00a0\u00bb|700|||||||\u00a0\u00bb header_2_text_align=\u00a0\u00bbcenter\u00a0\u00bb header_2_text_color=\u00a0\u00bbgcid-924db58c-62d6-4908-ae75-bfc6cc1e8ca3&Prime; header_2_font_size=\u00a0\u00bb31px\u00a0\u00bb custom_margin=\u00a0\u00bb-6px||16px|||\u00a0\u00bb global_colors_info=\u00a0\u00bb{%22gcid-924db58c-62d6-4908-ae75-bfc6cc1e8ca3%22:%91%22header_2_text_color%22%93}\u00a0\u00bb] Les Formules Naissance [\/et_pb_text][et_pb_divider color=\u00a0\u00bbgcid-e831b10f-635f-4881-9728-dfa2e7798a59&Prime; _builder_version=\u00a0\u00bb4.9.2&Prime; _module_preset=\u00a0\u00bbdefault\u00a0\u00bb width=\u00a0\u00bb11%\u00a0\u00bb module_alignment=\u00a0\u00bbcenter\u00a0\u00bb custom_margin=\u00a0\u00bb||8px|||\u00a0\u00bb custom_padding=\u00a0\u00bb||0px|||\u00a0\u00bb global_colors_info=\u00a0\u00bb{%22gcid-924db58c-62d6-4908-ae75-bfc6cc1e8ca3%22:%91%93,%22gcid-e831b10f-635f-4881-9728-dfa2e7798a59%22:%91%22color%22%93}\u00a0\u00bb][\/et_pb_divider][et_pb_text _builder_version=\u00a0\u00bb4.9.2&Prime; _module_preset=\u00a0\u00bbdefault\u00a0\u00bb text_font=\u00a0\u00bbCormorant Garamond||||||||\u00a0\u00bb text_text_color=\u00a0\u00bbgcid-924db58c-62d6-4908-ae75-bfc6cc1e8ca3&Prime; text_font_size=\u00a0\u00bb16px\u00a0\u00bb text_orientation=\u00a0\u00bbcenter\u00a0\u00bb global_colors_info=\u00a0\u00bb{%22gcid-924db58c-62d6-4908-ae75-bfc6cc1e8ca3%22:%91%22text_text_color%22%93}\u00a0\u00bb] D\u00e9couvrez la douceur des petits traits, les plis d\u00e9licats des petites mains et l&rsquo;\u00e9motion [&hellip;]<\/p>\n","protected":false},"author":1,"featured_media":0,"parent":0,"menu_order":0,"comment_status":"closed","ping_status":"closed","template":"","meta":{"_et_pb_use_builder":"on","_et_pb_old_content":"","_et_gb_content_width":"","footnotes":""},"class_list":["post-190","page","type-page","status-publish","hentry"],"_links":{"self":[{"href":"https:\/\/oceanedphotographie.com\/index.php\/wp-json\/wp\/v2\/pages\/190","targetHints":{"allow":["GET"]}}],"collection":[{"href":"https:\/\/oceanedphotographie.com\/index.php\/wp-json\/wp\/v2\/pages"}],"about":[{"href":"https:\/\/oceanedphotographie.com\/index.php\/wp-json\/wp\/v2\/types\/page"}],"author":[{"embeddable":true,"href":"https:\/\/oceanedphotographie.com\/index.php\/wp-json\/wp\/v2\/users\/1"}],"replies":[{"embeddable":true,"href":"https:\/\/oceanedphotographie.com\/index.php\/wp-json\/wp\/v2\/comments?post=190"}],"version-history":[{"count":6,"href":"https:\/\/oceanedphotographie.com\/index.php\/wp-json\/wp\/v2\/pages\/190\/revisions"}],"predecessor-version":[{"id":238,"href":"https:\/\/oceanedphotographie.com\/index.php\/wp-json\/wp\/v2\/pages\/190\/revisions\/238"}],"wp:attachment":[{"href":"https:\/\/oceanedphotographie.com\/index.php\/wp-json\/wp\/v2\/media?parent=190"}],"curies":[{"name":"wp","href":"https:\/\/api.w.org\/{rel}","templated":true}]}}