{"id":169,"date":"2024-04-24T16:11:11","date_gmt":"2024-04-24T14:11:11","guid":{"rendered":"https:\/\/oceanedphotographie.com\/?page_id=169"},"modified":"2025-04-09T15:53:05","modified_gmt":"2025-04-09T13:53:05","slug":"grossesse","status":"publish","type":"page","link":"https:\/\/oceanedphotographie.com\/index.php\/grossesse\/","title":{"rendered":"Grossesse"},"content":{"rendered":"<p>[et_pb_section fb_built=\u00a0\u00bb1&Prime; _builder_version=\u00a0\u00bb4.9.2&Prime; _module_preset=\u00a0\u00bbdefault\u00a0\u00bb custom_padding=\u00a0\u00bb||38px|||\u00a0\u00bb][et_pb_row _builder_version=\u00a0\u00bb4.9.2&Prime; _module_preset=\u00a0\u00bbdefault\u00a0\u00bb custom_padding=\u00a0\u00bb8px||7px|||\u00a0\u00bb locked=\u00a0\u00bboff\u00a0\u00bb][et_pb_column type=\u00a0\u00bb4_4&Prime; _builder_version=\u00a0\u00bb4.9.2&Prime; _module_preset=\u00a0\u00bbdefault\u00a0\u00bb][et_pb_text _builder_version=\u00a0\u00bb4.9.2&Prime; _module_preset=\u00a0\u00bbdefault\u00a0\u00bb text_font=\u00a0\u00bbCormorant Garamond||||||||\u00a0\u00bb header_2_font=\u00a0\u00bb|700|||||||\u00a0\u00bb header_2_text_align=\u00a0\u00bbcenter\u00a0\u00bb header_2_text_color=\u00a0\u00bbgcid-924db58c-62d6-4908-ae75-bfc6cc1e8ca3&Prime; header_2_font_size=\u00a0\u00bb31px\u00a0\u00bb custom_margin=\u00a0\u00bb-6px||16px|||\u00a0\u00bb global_colors_info=\u00a0\u00bb{%22gcid-924db58c-62d6-4908-ae75-bfc6cc1e8ca3%22:%91%22header_2_text_color%22%93}\u00a0\u00bb]<\/p>\n<h2>Les Formules Grossesse<\/h2>\n<p>[\/et_pb_text][et_pb_divider color=\u00a0\u00bbgcid-e831b10f-635f-4881-9728-dfa2e7798a59&Prime; _builder_version=\u00a0\u00bb4.9.2&Prime; _module_preset=\u00a0\u00bbdefault\u00a0\u00bb width=\u00a0\u00bb11%\u00a0\u00bb module_alignment=\u00a0\u00bbcenter\u00a0\u00bb custom_margin=\u00a0\u00bb||8px|||\u00a0\u00bb custom_padding=\u00a0\u00bb||0px|||\u00a0\u00bb global_colors_info=\u00a0\u00bb{%22gcid-924db58c-62d6-4908-ae75-bfc6cc1e8ca3%22:%91%93,%22gcid-e831b10f-635f-4881-9728-dfa2e7798a59%22:%91%22color%22%93}\u00a0\u00bb][\/et_pb_divider][et_pb_text _builder_version=\u00a0\u00bb4.9.2&Prime; _module_preset=\u00a0\u00bbdefault\u00a0\u00bb text_font=\u00a0\u00bbCormorant Garamond||||||||\u00a0\u00bb text_text_color=\u00a0\u00bbgcid-924db58c-62d6-4908-ae75-bfc6cc1e8ca3&Prime; text_font_size=\u00a0\u00bb16px\u00a0\u00bb text_orientation=\u00a0\u00bbcenter\u00a0\u00bb global_colors_info=\u00a0\u00bb{%22gcid-924db58c-62d6-4908-ae75-bfc6cc1e8ca3%22:%91%22text_text_color%22%93}\u00a0\u00bb]<\/p>\n<p class=\"p1\"><b><i>\u00ab L\u2019amour est la plus belle chose du monde, et la grossesse est sa plus belle expression. \u00bb<\/i><\/b><\/p>\n<p class=\"p2\">\n<p class=\"p1\">Une s\u00e9ance photo grossesse avec moi est une ode \u00e0 la simplicit\u00e9 et \u00e0 l\u2019authenticit\u00e9.<span class=\"Apple-converted-space\">\u00a0 <\/span>Pour moi, la magie de la photographie r\u00e9side dans la capture des moments simples, vrais et naturels de votre vie pour vous cr\u00e9er des souvenirs uniques qui vous ressemblent vraiment. Chaque courbe raconte une histoire d\u2019amour et de bonheur en devenir. Capturer ces moments est bien plus qu&rsquo;une passion, c&rsquo;est un privil\u00e8ge. Id\u00e9alement entre le 6\u00e8me et 8\u00e8me mois de grossesse. Je suis l\u00e0 pour immortaliser cette p\u00e9riode magique, que ce soit en ext\u00e9rieur ou dans l&rsquo;intimit\u00e9 de votre foyer.\u00a0De plus, si vous souhaitez immortaliser \u00e0 la fois votre grossesse et la merveilleuse arriv\u00e9e de votre nouveau-n\u00e9, je propose \u00e9galement une formule compl\u00e8te pour capturer chaque moment pr\u00e9cieux de cette \u00e9tape unique de votre vie.<\/p>\n<p>[\/et_pb_text][\/et_pb_column][\/et_pb_row][et_pb_row column_structure=\u00a0\u00bb1_3,1_3,1_3&Prime; _builder_version=\u00a0\u00bb4.9.2&Prime; _module_preset=\u00a0\u00bbdefault\u00a0\u00bb locked=\u00a0\u00bboff\u00a0\u00bb][et_pb_column type=\u00a0\u00bb1_3&Prime; _builder_version=\u00a0\u00bb4.9.2&Prime; _module_preset=\u00a0\u00bbdefault\u00a0\u00bb][et_pb_image src=\u00a0\u00bbhttp:\/\/oceanedphotographie.com\/wp-content\/uploads\/2024\/04\/DSC03757-Enhanced-NR-scaled.jpg\u00a0\u00bb title_text=\u00a0\u00bbDSC03757-Enhanced-NR\u00a0\u00bb align=\u00a0\u00bbcenter\u00a0\u00bb _builder_version=\u00a0\u00bb4.9.2&Prime; _module_preset=\u00a0\u00bbdefault\u00a0\u00bb width=\u00a0\u00bb69%\u00a0\u00bb][\/et_pb_image][et_pb_text _builder_version=\u00a0\u00bb4.9.2&Prime; _module_preset=\u00a0\u00bbdefault\u00a0\u00bb text_font=\u00a0\u00bbCormorant Garamond||||||||\u00a0\u00bb text_text_color=\u00a0\u00bb#000000&Prime; text_font_size=\u00a0\u00bb16px\u00a0\u00bb header_2_font=\u00a0\u00bbCormorant Garamond|700|||||||\u00a0\u00bb header_2_text_color=\u00a0\u00bbgcid-924db58c-62d6-4908-ae75-bfc6cc1e8ca3&Prime; global_colors_info=\u00a0\u00bb{%22gcid-924db58c-62d6-4908-ae75-bfc6cc1e8ca3%22:%91%22header_2_text_color%22%93}\u00a0\u00bb]<\/p>\n<h2>Pouss\u00e9es de douceur &#8211; 10 photos<\/h2>\n<ul>\n<li>1 s\u00e9ance grossesse, en ext\u00e9rieur ou \u00e0 domicile\u00a0<\/li>\n<li>10 photos num\u00e9riques de votre choix retouch\u00e9es<\/li>\n<li>Livraison des photos via une galerie en ligne<\/li>\n<li>D\u00e9placements inclus jusqu&rsquo;\u00e0 20km<\/li>\n<li>Pour la r\u00e9servation un acompte de 30% est requis<\/li>\n<\/ul>\n<p><em>+ En option : photos suppl\u00e9mentaires et tirages<\/em><\/p>\n<p>[\/et_pb_text][et_pb_button button_url=\u00a0\u00bbhttps:\/\/oceanedphotographie.com\/index.php\/contact\/\u00a0\u00bb button_text=\u00a0\u00bbEn Savoir Plus\u00a0\u00bb button_alignment=\u00a0\u00bbleft\u00a0\u00bb _builder_version=\u00a0\u00bb4.9.2&Prime; _module_preset=\u00a0\u00bbdefault\u00a0\u00bb custom_button=\u00a0\u00bbon\u00a0\u00bb button_text_size=\u00a0\u00bb16px\u00a0\u00bb button_text_color=\u00a0\u00bbgcid-e831b10f-635f-4881-9728-dfa2e7798a59&Prime; global_colors_info=\u00a0\u00bb{%22gcid-e831b10f-635f-4881-9728-dfa2e7798a59%22:%91%22button_text_color%22%93}\u00a0\u00bb][\/et_pb_button][\/et_pb_column][et_pb_column type=\u00a0\u00bb1_3&Prime; _builder_version=\u00a0\u00bb4.9.2&Prime; _module_preset=\u00a0\u00bbdefault\u00a0\u00bb][et_pb_image src=\u00a0\u00bbhttp:\/\/oceanedphotographie.com\/wp-content\/uploads\/2024\/04\/Grossesse-Ingrid-113-scaled.jpg\u00a0\u00bb title_text=\u00a0\u00bbGrossesse Ingrid -113&Prime; align=\u00a0\u00bbcenter\u00a0\u00bb _builder_version=\u00a0\u00bb4.9.2&Prime; _module_preset=\u00a0\u00bbdefault\u00a0\u00bb width=\u00a0\u00bb69%\u00a0\u00bb][\/et_pb_image][et_pb_text _builder_version=\u00a0\u00bb4.9.2&Prime; _module_preset=\u00a0\u00bbdefault\u00a0\u00bb text_font=\u00a0\u00bbCormorant Garamond||||||||\u00a0\u00bb text_text_color=\u00a0\u00bb#000000&Prime; text_font_size=\u00a0\u00bb16px\u00a0\u00bb header_2_font=\u00a0\u00bbCormorant Garamond|700|||||||\u00a0\u00bb header_2_text_color=\u00a0\u00bbgcid-924db58c-62d6-4908-ae75-bfc6cc1e8ca3&Prime; hover_enabled=\u00a0\u00bb0&Prime; global_colors_info=\u00a0\u00bb{%22gcid-924db58c-62d6-4908-ae75-bfc6cc1e8ca3%22:%91%22header_2_text_color%22%93}\u00a0\u00bb sticky_enabled=\u00a0\u00bb0&Prime;]<\/p>\n<h2>Pouss\u00e9es d&rsquo;amour &#8211; 15 photos<\/h2>\n<ul>\n<li>1 s\u00e9ance grossesse, en ext\u00e9rieur ou \u00e0 domicile<\/li>\n<li>15 photos num\u00e9riques de votre choix retouch\u00e9es<\/li>\n<li>Livraison des photos via une galerie en ligne<\/li>\n<li>D\u00e9placements inclus jusqu&rsquo;\u00e0 20km<\/li>\n<li>Pour la r\u00e9servation un acompte de 30% est requis<\/li>\n<\/ul>\n<p><em>+ En option : photos suppl\u00e9mentaires et tirages<\/em><\/p>\n<p>[\/et_pb_text][et_pb_button button_url=\u00a0\u00bbhttps:\/\/oceanedphotographie.com\/index.php\/contact\/\u00a0\u00bb button_text=\u00a0\u00bbEn Savoir Plus\u00a0\u00bb button_alignment=\u00a0\u00bbleft\u00a0\u00bb _builder_version=\u00a0\u00bb4.9.2&Prime; _module_preset=\u00a0\u00bbdefault\u00a0\u00bb custom_button=\u00a0\u00bbon\u00a0\u00bb button_text_size=\u00a0\u00bb16px\u00a0\u00bb button_text_color=\u00a0\u00bbgcid-e831b10f-635f-4881-9728-dfa2e7798a59&Prime; global_colors_info=\u00a0\u00bb{%22gcid-e831b10f-635f-4881-9728-dfa2e7798a59%22:%91%22button_text_color%22%93}\u00a0\u00bb][\/et_pb_button][\/et_pb_column][et_pb_column type=\u00a0\u00bb1_3&Prime; _builder_version=\u00a0\u00bb4.9.2&Prime; _module_preset=\u00a0\u00bbdefault\u00a0\u00bb][et_pb_image src=\u00a0\u00bbhttp:\/\/oceanedphotographie.com\/wp-content\/uploads\/2024\/04\/DSC01049-Enhanced-NR-Edit-scaled.jpg\u00a0\u00bb title_text=\u00a0\u00bbDSC01049-Enhanced-NR-Edit\u00a0\u00bb align=\u00a0\u00bbcenter\u00a0\u00bb _builder_version=\u00a0\u00bb4.9.2&Prime; _module_preset=\u00a0\u00bbdefault\u00a0\u00bb width=\u00a0\u00bb69%\u00a0\u00bb][\/et_pb_image][et_pb_text _builder_version=\u00a0\u00bb4.9.2&Prime; _module_preset=\u00a0\u00bbdefault\u00a0\u00bb text_font=\u00a0\u00bbCormorant Garamond||||||||\u00a0\u00bb text_text_color=\u00a0\u00bb#000000&Prime; text_font_size=\u00a0\u00bb16px\u00a0\u00bb header_2_font=\u00a0\u00bbCormorant Garamond|700|||||||\u00a0\u00bb header_2_text_color=\u00a0\u00bbgcid-924db58c-62d6-4908-ae75-bfc6cc1e8ca3&Prime; global_colors_info=\u00a0\u00bb{%22gcid-924db58c-62d6-4908-ae75-bfc6cc1e8ca3%22:%91%22header_2_text_color%22%93}\u00a0\u00bb]<\/p>\n<h2>Pouss\u00e9es de bonheur &#8211; 20 photos<\/h2>\n<ul>\n<li>1 s\u00e9ance grossesse, en ext\u00e9rieur ou \u00e0 domicile\u00a0<\/li>\n<li>20 photos num\u00e9riques de votre choix retouch\u00e9es<\/li>\n<li>Livraison des photos via une galerie en ligne<\/li>\n<li>D\u00e9placements inclus jusqu&rsquo;\u00e0 20km<\/li>\n<li>Pour la r\u00e9servation un acompte de 30% est requis<\/li>\n<\/ul>\n<p><em>+ En option : photos suppl\u00e9mentaires et tirages<\/em><\/p>\n<p>[\/et_pb_text][et_pb_button button_url=\u00a0\u00bbhttps:\/\/oceanedphotographie.com\/index.php\/contact\/\u00a0\u00bb button_text=\u00a0\u00bbEn Savoir Plus\u00a0\u00bb button_alignment=\u00a0\u00bbleft\u00a0\u00bb _builder_version=\u00a0\u00bb4.9.2&Prime; _module_preset=\u00a0\u00bbdefault\u00a0\u00bb custom_button=\u00a0\u00bbon\u00a0\u00bb button_text_size=\u00a0\u00bb16px\u00a0\u00bb button_text_color=\u00a0\u00bbgcid-e831b10f-635f-4881-9728-dfa2e7798a59&Prime; global_colors_info=\u00a0\u00bb{%22gcid-e831b10f-635f-4881-9728-dfa2e7798a59%22:%91%22button_text_color%22%93}\u00a0\u00bb][\/et_pb_button][\/et_pb_column][\/et_pb_row][et_pb_row column_structure=\u00a0\u00bb1_4,1_4,1_4,1_4&Prime; _builder_version=\u00a0\u00bb4.9.2&Prime; _module_preset=\u00a0\u00bbdefault\u00a0\u00bb][et_pb_column type=\u00a0\u00bb1_4&Prime; _builder_version=\u00a0\u00bb4.9.2&Prime; _module_preset=\u00a0\u00bbdefault\u00a0\u00bb][et_pb_image src=\u00a0\u00bbhttp:\/\/oceanedphotographie.com\/wp-content\/uploads\/2024\/04\/DSC06529-Enhanced-NR-scaled.jpg\u00a0\u00bb title_text=\u00a0\u00bbDSC06529-Enhanced-NR\u00a0\u00bb align=\u00a0\u00bbcenter\u00a0\u00bb _builder_version=\u00a0\u00bb4.9.2&Prime; _module_preset=\u00a0\u00bbdefault\u00a0\u00bb width=\u00a0\u00bb75%\u00a0\u00bb custom_margin=\u00a0\u00bb||-1px|||\u00a0\u00bb][\/et_pb_image][et_pb_image src=\u00a0\u00bbhttp:\/\/oceanedphotographie.com\/wp-content\/uploads\/2024\/04\/DSC00549-scaled.jpg\u00a0\u00bb title_text=\u00a0\u00bbDSC00549&Prime; align=\u00a0\u00bbcenter\u00a0\u00bb _builder_version=\u00a0\u00bb4.9.2&Prime; _module_preset=\u00a0\u00bbdefault\u00a0\u00bb width=\u00a0\u00bb75%\u00a0\u00bb][\/et_pb_image][\/et_pb_column][et_pb_column type=\u00a0\u00bb1_4&Prime; _builder_version=\u00a0\u00bb4.9.2&Prime; _module_preset=\u00a0\u00bbdefault\u00a0\u00bb][et_pb_text _builder_version=\u00a0\u00bb4.9.2&Prime; _module_preset=\u00a0\u00bbdefault\u00a0\u00bb text_font=\u00a0\u00bbCormorant Garamond||||||||\u00a0\u00bb text_text_color=\u00a0\u00bb#000000&Prime; text_font_size=\u00a0\u00bb16px\u00a0\u00bb header_2_font=\u00a0\u00bbCormorant Garamond|700|||||||\u00a0\u00bb header_2_text_color=\u00a0\u00bbgcid-924db58c-62d6-4908-ae75-bfc6cc1e8ca3&Prime; custom_margin=\u00a0\u00bb32px||6px|||\u00a0\u00bb global_colors_info=\u00a0\u00bb{%22gcid-924db58c-62d6-4908-ae75-bfc6cc1e8ca3%22:%91%22header_2_text_color%22%93}\u00a0\u00bb]<\/p>\n<h2>Instant Maternit\u00e9 Essentiel &#8211; 20 photos<\/h2>\n<ul>\n<li>1 s\u00e9ance grossesse, en ext\u00e9rieur ou \u00e0 domicile\u00a0<\/li>\n<li>1 s\u00e9ance naissance \u00e0 domicile<\/li>\n<li>20 photos num\u00e9riques de votre choix retouch\u00e9es (au total)<\/li>\n<li>Livraison des photos via une galerie en ligne<\/li>\n<li>D\u00e9placements inclus jusqu&rsquo;\u00e0 20km<\/li>\n<li>Pour la r\u00e9servation un acompte de 50% est requis<\/li>\n<\/ul>\n<p><em>+ En option : photos suppl\u00e9mentaires et tirages<\/em><\/p>\n<p>[\/et_pb_text][et_pb_button button_url=\u00a0\u00bbhttps:\/\/oceanedphotographie.com\/index.php\/contact\/\u00a0\u00bb button_text=\u00a0\u00bbEn Savoir Plus\u00a0\u00bb button_alignment=\u00a0\u00bbleft\u00a0\u00bb _builder_version=\u00a0\u00bb4.9.2&Prime; _module_preset=\u00a0\u00bbdefault\u00a0\u00bb custom_button=\u00a0\u00bbon\u00a0\u00bb button_text_size=\u00a0\u00bb16px\u00a0\u00bb button_text_color=\u00a0\u00bbgcid-e831b10f-635f-4881-9728-dfa2e7798a59&Prime; global_colors_info=\u00a0\u00bb{%22gcid-e831b10f-635f-4881-9728-dfa2e7798a59%22:%91%22button_text_color%22%93}\u00a0\u00bb][\/et_pb_button][\/et_pb_column][et_pb_column type=\u00a0\u00bb1_4&Prime; _builder_version=\u00a0\u00bb4.9.2&Prime; _module_preset=\u00a0\u00bbdefault\u00a0\u00bb][et_pb_image src=\u00a0\u00bbhttp:\/\/oceanedphotographie.com\/wp-content\/uploads\/2024\/04\/DSC01492-Enhanced-NR-scaled.jpg\u00a0\u00bb title_text=\u00a0\u00bbDSC01492-Enhanced-NR\u00a0\u00bb align=\u00a0\u00bbcenter\u00a0\u00bb _builder_version=\u00a0\u00bb4.9.2&Prime; _module_preset=\u00a0\u00bbdefault\u00a0\u00bb width=\u00a0\u00bb75%\u00a0\u00bb][\/et_pb_image][et_pb_image src=\u00a0\u00bbhttp:\/\/oceanedphotographie.com\/wp-content\/uploads\/2024\/04\/DSC8723-scaled.jpg\u00a0\u00bb title_text=\u00a0\u00bb_DSC8723&Prime; align=\u00a0\u00bbcenter\u00a0\u00bb _builder_version=\u00a0\u00bb4.9.2&Prime; _module_preset=\u00a0\u00bbdefault\u00a0\u00bb width=\u00a0\u00bb75%\u00a0\u00bb custom_margin=\u00a0\u00bb-30px|||||\u00a0\u00bb][\/et_pb_image][\/et_pb_column][et_pb_column type=\u00a0\u00bb1_4&Prime; _builder_version=\u00a0\u00bb4.9.2&Prime; _module_preset=\u00a0\u00bbdefault\u00a0\u00bb][et_pb_text _builder_version=\u00a0\u00bb4.9.2&Prime; _module_preset=\u00a0\u00bbdefault\u00a0\u00bb text_font=\u00a0\u00bbCormorant Garamond||||||||\u00a0\u00bb text_text_color=\u00a0\u00bb#000000&Prime; text_font_size=\u00a0\u00bb16px\u00a0\u00bb header_2_font=\u00a0\u00bbCormorant Garamond|700|||||||\u00a0\u00bb header_2_text_color=\u00a0\u00bbgcid-924db58c-62d6-4908-ae75-bfc6cc1e8ca3&Prime; custom_margin=\u00a0\u00bb32px||6px|||\u00a0\u00bb global_colors_info=\u00a0\u00bb{%22gcid-924db58c-62d6-4908-ae75-bfc6cc1e8ca3%22:%91%22header_2_text_color%22%93}\u00a0\u00bb]<\/p>\n<h2>Instant Maternit\u00e9 Int\u00e9gral &#8211; 30 photos<\/h2>\n<ul>\n<li>1 s\u00e9ance grossesse, en ext\u00e9rieur ou \u00e0 domicile\u00a0<\/li>\n<li>1 s\u00e9ance naissance \u00e0 domicile<\/li>\n<li>30 photos num\u00e9riques de votre choix retouch\u00e9es (au total)<\/li>\n<li>Livraison des photos via une galerie en ligne<\/li>\n<li>D\u00e9placements inclus jusqu&rsquo;\u00e0 20km<\/li>\n<li>Pour la r\u00e9servation un acompte de 50% est requis<\/li>\n<\/ul>\n<p><em>+ En option : photos suppl\u00e9mentaires et tirages<\/em><\/p>\n<p>[\/et_pb_text][et_pb_button button_url=\u00a0\u00bbhttps:\/\/oceanedphotographie.com\/index.php\/contact\/\u00a0\u00bb button_text=\u00a0\u00bbEn Savoir Plus\u00a0\u00bb button_alignment=\u00a0\u00bbleft\u00a0\u00bb _builder_version=\u00a0\u00bb4.9.2&Prime; _module_preset=\u00a0\u00bbdefault\u00a0\u00bb custom_button=\u00a0\u00bbon\u00a0\u00bb button_text_size=\u00a0\u00bb16px\u00a0\u00bb button_text_color=\u00a0\u00bbgcid-e831b10f-635f-4881-9728-dfa2e7798a59&Prime; global_colors_info=\u00a0\u00bb{%22gcid-e831b10f-635f-4881-9728-dfa2e7798a59%22:%91%22button_text_color%22%93}\u00a0\u00bb][\/et_pb_button][\/et_pb_column][\/et_pb_row][et_pb_row _builder_version=\u00a0\u00bb4.9.2&Prime; _module_preset=\u00a0\u00bbdefault\u00a0\u00bb][et_pb_column type=\u00a0\u00bb4_4&Prime; _builder_version=\u00a0\u00bb4.9.2&Prime; _module_preset=\u00a0\u00bbdefault\u00a0\u00bb][et_pb_divider color=\u00a0\u00bbgcid-e831b10f-635f-4881-9728-dfa2e7798a59&Prime; _builder_version=\u00a0\u00bb4.9.2&Prime; _module_preset=\u00a0\u00bbdefault\u00a0\u00bb width=\u00a0\u00bb11%\u00a0\u00bb module_alignment=\u00a0\u00bbcenter\u00a0\u00bb custom_margin=\u00a0\u00bb||8px|||\u00a0\u00bb custom_padding=\u00a0\u00bb||0px|||\u00a0\u00bb global_colors_info=\u00a0\u00bb{%22gcid-924db58c-62d6-4908-ae75-bfc6cc1e8ca3%22:%91%93,%22gcid-e831b10f-635f-4881-9728-dfa2e7798a59%22:%91%22color%22%93}\u00a0\u00bb][\/et_pb_divider][et_pb_text ul_position=\u00a0\u00bbinside\u00a0\u00bb _builder_version=\u00a0\u00bb4.9.2&Prime; _module_preset=\u00a0\u00bbdefault\u00a0\u00bb text_font=\u00a0\u00bbCormorant Garamond||||||||\u00a0\u00bb text_font_size=\u00a0\u00bb17px\u00a0\u00bb ul_font=\u00a0\u00bbCormorant Garamond||||||||\u00a0\u00bb ul_text_align=\u00a0\u00bbcenter\u00a0\u00bb ul_font_size=\u00a0\u00bb17px\u00a0\u00bb header_3_font=\u00a0\u00bb|700|||||||\u00a0\u00bb header_3_text_color=\u00a0\u00bbgcid-924db58c-62d6-4908-ae75-bfc6cc1e8ca3&Prime; text_orientation=\u00a0\u00bbcenter\u00a0\u00bb custom_margin=\u00a0\u00bb||3px|||\u00a0\u00bb custom_padding=\u00a0\u00bb0px|||||\u00a0\u00bb global_colors_info=\u00a0\u00bb{%22gcid-924db58c-62d6-4908-ae75-bfc6cc1e8ca3%22:%91%22header_3_text_color%22%93}\u00a0\u00bb]<\/p>\n<h3 class=\"p1\"><span style=\"text-decoration: underline;\">Ce que cela comprends :<\/span><\/h3>\n<ul>\n<li><span class=\"s1\"><\/span>Nos \u00e9changes pour la pr\u00e9paration de votre s\u00e9ance<\/li>\n<li><span class=\"s1\"><\/span>La prise de vue<\/li>\n<li><span class=\"s1\"><\/span>Le choix des photos sur une galerie en ligne priv\u00e9e<\/li>\n<li><span class=\"s1\"><\/span>Le post-productions de vos photos (retouches)<\/li>\n<li><span class=\"s1\"><\/span>Des photos num\u00e9riques en HD<\/li>\n<li><span class=\"s1\"><\/span>Livraison des photos sous 30 \u00e0 45 jours en p\u00e9riode de forte affluence.<\/li>\n<li><span class=\"s1\"><\/span>Le lien de t\u00e9l\u00e9chargement s\u00e9curis\u00e9e<\/li>\n<li><span class=\"s1\"><\/span>Les frais de d\u00e9placements \u00e0 20km<\/li>\n<\/ul>\n<p class=\"p1\">En option :<\/p>\n<ul>\n<li><span class=\"s1\"><\/span>Frais de d\u00e9placements si + de 20km<\/li>\n<li><span class=\"s1\"><\/span>Photos num\u00e9riques suppl\u00e9mentaires<\/li>\n<li><span class=\"s1\"><\/span>Albums et tirages photos<\/li>\n<\/ul>\n<p>[\/et_pb_text][et_pb_text _builder_version=\u00a0\u00bb4.9.2&Prime; _module_preset=\u00a0\u00bbdefault\u00a0\u00bb text_font=\u00a0\u00bbCormorant Garamond||||||||\u00a0\u00bb text_font_size=\u00a0\u00bb17px\u00a0\u00bb header_3_font=\u00a0\u00bb|700|||||||\u00a0\u00bb header_3_text_color=\u00a0\u00bbgcid-924db58c-62d6-4908-ae75-bfc6cc1e8ca3&Prime; text_orientation=\u00a0\u00bbcenter\u00a0\u00bb global_colors_info=\u00a0\u00bb{%22gcid-924db58c-62d6-4908-ae75-bfc6cc1e8ca3%22:%91%22header_3_text_color%22%93}\u00a0\u00bb]<\/p>\n<h3 class=\"p1\"><span style=\"text-decoration: underline;\">Pour votre s\u00e9ance :<\/span><\/h3>\n<p class=\"p1\">En ext\u00e9rieur : On discute ensemble pour trouver le mieux qui vous correspondra le plus, l\u2019heure de la s\u00e9ance peut-\u00eatre impact\u00e9 en fonction du lieu par rapport \u00e0 l\u2019orientation du soleil.<\/p>\n<p class=\"p1\">\u00c0 domicile : Une s\u00e9ance dans votre intimit\u00e9, un moment doux et intime pour mettre en valeur votre joli vendre tout rond. C\u2019est une s\u00e9ance photo orient\u00e9 lifestyle pour \u00eatre totalement \u00e0 votre image. On sera dans votre chambre, salon, ou futur chambre de b\u00e9b\u00e9 (l\u00e0 ou la lumi\u00e8re est la plus pr\u00e9sente)<\/p>\n<p class=\"p1\">Vous souhaitez r\u00e9server une s\u00e9ance photo grossesse ou grossesse + naissance ou vous souhaitez offrir une carte cadeau \u00e0 l\u2019un de vos proches qui attend un enfant ? Contactez-moi pour discuter de votre projet.<\/p>\n<p>[\/et_pb_text][\/et_pb_column][\/et_pb_row][\/et_pb_section]<\/p>\n","protected":false},"excerpt":{"rendered":"<p>[et_pb_section fb_built=\u00a0\u00bb1&Prime; _builder_version=\u00a0\u00bb4.9.2&Prime; _module_preset=\u00a0\u00bbdefault\u00a0\u00bb custom_padding=\u00a0\u00bb||38px|||\u00a0\u00bb][et_pb_row _builder_version=\u00a0\u00bb4.9.2&Prime; _module_preset=\u00a0\u00bbdefault\u00a0\u00bb custom_padding=\u00a0\u00bb8px||7px|||\u00a0\u00bb locked=\u00a0\u00bboff\u00a0\u00bb][et_pb_column type=\u00a0\u00bb4_4&Prime; _builder_version=\u00a0\u00bb4.9.2&Prime; _module_preset=\u00a0\u00bbdefault\u00a0\u00bb][et_pb_text _builder_version=\u00a0\u00bb4.9.2&Prime; _module_preset=\u00a0\u00bbdefault\u00a0\u00bb text_font=\u00a0\u00bbCormorant Garamond||||||||\u00a0\u00bb header_2_font=\u00a0\u00bb|700|||||||\u00a0\u00bb header_2_text_align=\u00a0\u00bbcenter\u00a0\u00bb header_2_text_color=\u00a0\u00bbgcid-924db58c-62d6-4908-ae75-bfc6cc1e8ca3&Prime; header_2_font_size=\u00a0\u00bb31px\u00a0\u00bb custom_margin=\u00a0\u00bb-6px||16px|||\u00a0\u00bb global_colors_info=\u00a0\u00bb{%22gcid-924db58c-62d6-4908-ae75-bfc6cc1e8ca3%22:%91%22header_2_text_color%22%93}\u00a0\u00bb] Les Formules Grossesse [\/et_pb_text][et_pb_divider color=\u00a0\u00bbgcid-e831b10f-635f-4881-9728-dfa2e7798a59&Prime; _builder_version=\u00a0\u00bb4.9.2&Prime; _module_preset=\u00a0\u00bbdefault\u00a0\u00bb width=\u00a0\u00bb11%\u00a0\u00bb module_alignment=\u00a0\u00bbcenter\u00a0\u00bb custom_margin=\u00a0\u00bb||8px|||\u00a0\u00bb custom_padding=\u00a0\u00bb||0px|||\u00a0\u00bb global_colors_info=\u00a0\u00bb{%22gcid-924db58c-62d6-4908-ae75-bfc6cc1e8ca3%22:%91%93,%22gcid-e831b10f-635f-4881-9728-dfa2e7798a59%22:%91%22color%22%93}\u00a0\u00bb][\/et_pb_divider][et_pb_text _builder_version=\u00a0\u00bb4.9.2&Prime; _module_preset=\u00a0\u00bbdefault\u00a0\u00bb text_font=\u00a0\u00bbCormorant Garamond||||||||\u00a0\u00bb text_text_color=\u00a0\u00bbgcid-924db58c-62d6-4908-ae75-bfc6cc1e8ca3&Prime; text_font_size=\u00a0\u00bb16px\u00a0\u00bb text_orientation=\u00a0\u00bbcenter\u00a0\u00bb global_colors_info=\u00a0\u00bb{%22gcid-924db58c-62d6-4908-ae75-bfc6cc1e8ca3%22:%91%22text_text_color%22%93}\u00a0\u00bb] \u00ab L\u2019amour est la plus belle chose du monde, et la grossesse est [&hellip;]<\/p>\n","protected":false},"author":1,"featured_media":0,"parent":0,"menu_order":0,"comment_status":"closed","ping_status":"closed","template":"","meta":{"_et_pb_use_builder":"on","_et_pb_old_content":"","_et_gb_content_width":"","footnotes":""},"class_list":["post-169","page","type-page","status-publish","hentry"],"_links":{"self":[{"href":"https:\/\/oceanedphotographie.com\/index.php\/wp-json\/wp\/v2\/pages\/169","targetHints":{"allow":["GET"]}}],"collection":[{"href":"https:\/\/oceanedphotographie.com\/index.php\/wp-json\/wp\/v2\/pages"}],"about":[{"href":"https:\/\/oceanedphotographie.com\/index.php\/wp-json\/wp\/v2\/types\/page"}],"author":[{"embeddable":true,"href":"https:\/\/oceanedphotographie.com\/index.php\/wp-json\/wp\/v2\/users\/1"}],"replies":[{"embeddable":true,"href":"https:\/\/oceanedphotographie.com\/index.php\/wp-json\/wp\/v2\/comments?post=169"}],"version-history":[{"count":8,"href":"https:\/\/oceanedphotographie.com\/index.php\/wp-json\/wp\/v2\/pages\/169\/revisions"}],"predecessor-version":[{"id":287,"href":"https:\/\/oceanedphotographie.com\/index.php\/wp-json\/wp\/v2\/pages\/169\/revisions\/287"}],"wp:attachment":[{"href":"https:\/\/oceanedphotographie.com\/index.php\/wp-json\/wp\/v2\/media?parent=169"}],"curies":[{"name":"wp","href":"https:\/\/api.w.org\/{rel}","templated":true}]}}