{"id":127,"date":"2024-04-24T13:24:58","date_gmt":"2024-04-24T11:24:58","guid":{"rendered":"https:\/\/oceanedphotographie.com\/?page_id=127"},"modified":"2024-04-24T20:25:48","modified_gmt":"2024-04-24T18:25:48","slug":"a-propos","status":"publish","type":"page","link":"https:\/\/oceanedphotographie.com\/index.php\/a-propos\/","title":{"rendered":"A propos"},"content":{"rendered":"<p>[et_pb_section fb_built=\u00a0\u00bb1&Prime; _builder_version=\u00a0\u00bb4.9.2&Prime; _module_preset=\u00a0\u00bbdefault\u00a0\u00bb custom_padding=\u00a0\u00bb15px|||||\u00a0\u00bb][et_pb_row column_structure=\u00a0\u00bb1_2,1_2&Prime; _builder_version=\u00a0\u00bb4.9.2&Prime; _module_preset=\u00a0\u00bbdefault\u00a0\u00bb custom_padding=\u00a0\u00bb8px|||||\u00a0\u00bb][et_pb_column type=\u00a0\u00bb1_2&Prime; _builder_version=\u00a0\u00bb4.9.2&Prime; _module_preset=\u00a0\u00bbdefault\u00a0\u00bb][et_pb_image src=\u00a0\u00bbhttp:\/\/oceanedphotographie.com\/wp-content\/uploads\/2024\/04\/E4991B1B-7181-42CC-B7E8-8A061D759A1F-scaled.jpg\u00a0\u00bb title_text=\u00a0\u00bbE4991B1B-7181-42CC-B7E8-8A061D759A1F\u00a0\u00bb align=\u00a0\u00bbcenter\u00a0\u00bb _builder_version=\u00a0\u00bb4.9.2&Prime; _module_preset=\u00a0\u00bbdefault\u00a0\u00bb width=\u00a0\u00bb76%\u00a0\u00bb][\/et_pb_image][\/et_pb_column][et_pb_column type=\u00a0\u00bb1_2&Prime; _builder_version=\u00a0\u00bb4.9.2&Prime; _module_preset=\u00a0\u00bbdefault\u00a0\u00bb][et_pb_text _builder_version=\u00a0\u00bb4.9.2&Prime; _module_preset=\u00a0\u00bbdefault\u00a0\u00bb text_font=\u00a0\u00bbCormorant Garamond||||||||\u00a0\u00bb text_font_size=\u00a0\u00bb18px\u00a0\u00bb header_3_text_color=\u00a0\u00bbgcid-924db58c-62d6-4908-ae75-bfc6cc1e8ca3&Prime; header_3_font_size=\u00a0\u00bb25px\u00a0\u00bb header_5_font=\u00a0\u00bb|600|||||||\u00a0\u00bb header_5_text_color=\u00a0\u00bbgcid-924db58c-62d6-4908-ae75-bfc6cc1e8ca3&Prime; header_6_text_color=\u00a0\u00bb#000000&Prime; header_6_font_size=\u00a0\u00bb15px\u00a0\u00bb text_orientation=\u00a0\u00bbcenter\u00a0\u00bb global_colors_info=\u00a0\u00bb{%22gcid-924db58c-62d6-4908-ae75-bfc6cc1e8ca3%22:%91%22header_3_text_color%22,%22header_5_text_color%22%93}\u00a0\u00bb]<\/p>\n<h3 class=\"p1\"><b>Bienvenue dans l&rsquo;univers d&rsquo;Oc\u00e9ane D.Photographie<\/b><\/h3>\n<h5 class=\"p3\"><b>Photographe Professionnelle sp\u00e9cialis\u00e9e dans le capture des instants de bonheur \u00e0 Annecy et en Haute Savoie<\/b><b><\/b><\/h5>\n<h6 class=\"p3\"><\/h6>\n<h6 class=\"p3\"><em>Ma pr\u00e9sentation vous promet d&rsquo;\u00eatre aussi vibrante et naturelle que mes photos.<\/em><\/h6>\n<h6 class=\"p2\"><b><\/b><\/h6>\n<h6 class=\"p3\">Bonjour et enchant\u00e9e ! Je suis Oc\u00e9ane Decouard, passionn\u00e9e de la photographie, bas\u00e9e au c\u0153ur de la magnifique r\u00e9gion d&rsquo;Annecy. \u00c0 28 ans, je vis de mon plus grand r\u00eave en capturant les instants de bonheur et moment pr\u00e9cieux de la vie \u00e0 travers mon objectif.<\/h6>\n<h6 class=\"p3\">\u00ab\u00a0C\u2019est en croyant \u00e0 ses r\u00eaves qu\u2019on les fait \u00e9clore \u00e0 la lumi\u00e8re\u00a0\u00bb .<\/h6>\n<h6 class=\"p3\">Mon approche est avant tout naturelle et empreinte de luminosit\u00e9, car je crois que chaque instant de la vie m\u00e9rite d&rsquo;\u00eatre immortalis\u00e9 dans toute sa splendeur.<\/h6>\n<h5 class=\"p3\"><b><\/b><\/h5>\n<h5 class=\"p3\"><b>Ma Mission<\/b><\/h5>\n<h6 class=\"p2\"><b><\/b><\/h6>\n<h6 class=\"p3\">Depuis mon plus jeune \u00e2ge, la photographie est bien plus qu&rsquo;une simple passion pour moi, c&rsquo;est une v\u00e9ritable vocation.<\/h6>\n<h6 class=\"p3\">Mon objectif est simple : capturer l&rsquo;essence de chaque moment, r\u00e9v\u00e9ler les \u00e9motions les plus authentiques et immortaliser les souvenirs qui comptent pour retranscrire votre histoire !<\/h6>\n<h6 class=\"p3\">Pour moi, la beaut\u00e9 se trouve dans la simplicit\u00e9 et la spontan\u00e9it\u00e9 de chaque instant.<\/h6>\n<h6 class=\"p3\">\u00c0 travers mes photos, je cherche \u00e0 capturer l&rsquo;insaisissable, et \u00e0 immortaliser des moments charg\u00e9s de sens dans l&rsquo;\u00e9ternit\u00e9 de ce que l&rsquo;on peut voir \u00e0 l&rsquo;oeil nu qu&rsquo;une seule seconde.<\/h6>\n<h5 class=\"p3\"><b><\/b><\/h5>\n<h5 class=\"p3\"><b><\/b><\/h5>\n<h5 class=\"p3\"><b>Mes Sp\u00e9cialit\u00e9s<\/b><\/h5>\n<h6 class=\"p3\"><\/h6>\n<h6 class=\"p3\">En tant que photographe professionnelle, je me sp\u00e9cialise dans plusieurs domaines : les mariages, la grossesse &amp; la naissance, la famille, les portraits, les \u00e9v\u00e9nements (EVJF, Bapt\u00eame) ainsi que pour les entreprises.<\/h6>\n<h6 class=\"p3\">Mais pourquoi se limiter \u00e0 une seule case quand la passion nous guide vers de nouveaux horizons ? Je suis toujours ouverte \u00e0 de nouveaux projets !<\/h6>\n<h5 class=\"p3\"><b><\/b><\/h5>\n<h5 class=\"p3\"><b>Mon Style<\/b><\/h5>\n<h6 class=\"p2\"><\/h6>\n<h6 class=\"p2\">Rien ne me rend plus heureuse que de capturer les moments authentiques &amp; les instants de bonheur.<b><\/b><\/h6>\n<h6 class=\"p3\">J&rsquo;adore la spontan\u00e9it\u00e9 et la douceur : des gestes, des \u00e9motions &#8211; les rires (&amp; des fous rires), les regards complices et parfois timide, le naturel, les grains de folies, qui rendent chaque s\u00e9ance photo unique et pr\u00e9cieuse \u00e0 mes yeux.<\/h6>\n<h6 class=\"p3\">Dans mon univers photographique, la lumi\u00e8re naturelle est ma complice, elle sublime chaque instant.<\/h6>\n<h6 class=\"p3\">Avec elle, mes photos sont lumineuses, naturel et subtilement color\u00e9.<\/h6>\n<h6 class=\"p3\"><i>J&rsquo;ai aussi un amour inconditionnel pour les couchers de soleil &amp; l\u2019amour qui se refl\u00e8tent dans mes clich\u00e9s.<\/i><\/h6>\n<p>[\/et_pb_text][\/et_pb_column][\/et_pb_row][et_pb_row _builder_version=\u00a0\u00bb4.9.2&Prime; _module_preset=\u00a0\u00bbdefault\u00a0\u00bb][et_pb_column type=\u00a0\u00bb4_4&Prime; _builder_version=\u00a0\u00bb4.9.2&Prime; _module_preset=\u00a0\u00bbdefault\u00a0\u00bb][et_pb_gallery gallery_ids=\u00a0\u00bb232,233,219,226&Prime; show_title_and_caption=\u00a0\u00bboff\u00a0\u00bb _builder_version=\u00a0\u00bb4.9.2&Prime; _module_preset=\u00a0\u00bbdefault\u00a0\u00bb hover_enabled=\u00a0\u00bb0&Prime; sticky_enabled=\u00a0\u00bb0&Prime; orientation=\u00a0\u00bbportrait\u00a0\u00bb][\/et_pb_gallery][\/et_pb_column][\/et_pb_row][\/et_pb_section]<\/p>\n","protected":false},"excerpt":{"rendered":"<p>[et_pb_section fb_built=\u00a0\u00bb1&Prime; _builder_version=\u00a0\u00bb4.9.2&Prime; _module_preset=\u00a0\u00bbdefault\u00a0\u00bb custom_padding=\u00a0\u00bb15px|||||\u00a0\u00bb][et_pb_row column_structure=\u00a0\u00bb1_2,1_2&Prime; _builder_version=\u00a0\u00bb4.9.2&Prime; _module_preset=\u00a0\u00bbdefault\u00a0\u00bb custom_padding=\u00a0\u00bb8px|||||\u00a0\u00bb][et_pb_column type=\u00a0\u00bb1_2&Prime; _builder_version=\u00a0\u00bb4.9.2&Prime; _module_preset=\u00a0\u00bbdefault\u00a0\u00bb][et_pb_image src=\u00a0\u00bbhttp:\/\/oceanedphotographie.com\/wp-content\/uploads\/2024\/04\/E4991B1B-7181-42CC-B7E8-8A061D759A1F-scaled.jpg\u00a0\u00bb title_text=\u00a0\u00bbE4991B1B-7181-42CC-B7E8-8A061D759A1F\u00a0\u00bb align=\u00a0\u00bbcenter\u00a0\u00bb _builder_version=\u00a0\u00bb4.9.2&Prime; _module_preset=\u00a0\u00bbdefault\u00a0\u00bb width=\u00a0\u00bb76%\u00a0\u00bb][\/et_pb_image][\/et_pb_column][et_pb_column type=\u00a0\u00bb1_2&Prime; _builder_version=\u00a0\u00bb4.9.2&Prime; _module_preset=\u00a0\u00bbdefault\u00a0\u00bb][et_pb_text _builder_version=\u00a0\u00bb4.9.2&Prime; _module_preset=\u00a0\u00bbdefault\u00a0\u00bb text_font=\u00a0\u00bbCormorant Garamond||||||||\u00a0\u00bb text_font_size=\u00a0\u00bb18px\u00a0\u00bb header_3_text_color=\u00a0\u00bbgcid-924db58c-62d6-4908-ae75-bfc6cc1e8ca3&Prime; header_3_font_size=\u00a0\u00bb25px\u00a0\u00bb header_5_font=\u00a0\u00bb|600|||||||\u00a0\u00bb header_5_text_color=\u00a0\u00bbgcid-924db58c-62d6-4908-ae75-bfc6cc1e8ca3&Prime; header_6_text_color=\u00a0\u00bb#000000&Prime; header_6_font_size=\u00a0\u00bb15px\u00a0\u00bb text_orientation=\u00a0\u00bbcenter\u00a0\u00bb global_colors_info=\u00a0\u00bb{%22gcid-924db58c-62d6-4908-ae75-bfc6cc1e8ca3%22:%91%22header_3_text_color%22,%22header_5_text_color%22%93}\u00a0\u00bb] Bienvenue dans l&rsquo;univers d&rsquo;Oc\u00e9ane D.Photographie Photographe Professionnelle sp\u00e9cialis\u00e9e dans le capture des instants de bonheur \u00e0 Annecy et en Haute Savoie [&hellip;]<\/p>\n","protected":false},"author":1,"featured_media":0,"parent":0,"menu_order":0,"comment_status":"closed","ping_status":"closed","template":"","meta":{"_et_pb_use_builder":"on","_et_pb_old_content":"","_et_gb_content_width":"","footnotes":""},"class_list":["post-127","page","type-page","status-publish","hentry"],"_links":{"self":[{"href":"https:\/\/oceanedphotographie.com\/index.php\/wp-json\/wp\/v2\/pages\/127","targetHints":{"allow":["GET"]}}],"collection":[{"href":"https:\/\/oceanedphotographie.com\/index.php\/wp-json\/wp\/v2\/pages"}],"about":[{"href":"https:\/\/oceanedphotographie.com\/index.php\/wp-json\/wp\/v2\/types\/page"}],"author":[{"embeddable":true,"href":"https:\/\/oceanedphotographie.com\/index.php\/wp-json\/wp\/v2\/users\/1"}],"replies":[{"embeddable":true,"href":"https:\/\/oceanedphotographie.com\/index.php\/wp-json\/wp\/v2\/comments?post=127"}],"version-history":[{"count":6,"href":"https:\/\/oceanedphotographie.com\/index.php\/wp-json\/wp\/v2\/pages\/127\/revisions"}],"predecessor-version":[{"id":235,"href":"https:\/\/oceanedphotographie.com\/index.php\/wp-json\/wp\/v2\/pages\/127\/revisions\/235"}],"wp:attachment":[{"href":"https:\/\/oceanedphotographie.com\/index.php\/wp-json\/wp\/v2\/media?parent=127"}],"curies":[{"name":"wp","href":"https:\/\/api.w.org\/{rel}","templated":true}]}}